{"id":474,"date":"2024-04-25T10:11:00","date_gmt":"2024-04-25T09:11:00","guid":{"rendered":"https:\/\/h\u00fchne-krapp.de\/?page_id=474"},"modified":"2025-02-21T10:02:51","modified_gmt":"2025-02-21T09:02:51","slug":"willkommen-bei-huehne-und-krapp","status":"publish","type":"page","link":"https:\/\/h\u00fchne-krapp.de\/","title":{"rendered":"Willkommen bei H\u00fchne und Krapp"},"content":{"rendered":"\n    \n    <section class=\"u-carousel u-slide u-block-7dda-1\" id=\"carousel-5678\" data-interval=\"5000\" data-u-ride=\"carousel\">\n      <ol class=\"u-absolute-hcenter u-carousel-indicators u-block-7dda-2\">\n        <li data-u-target=\"#carousel-5678\" class=\"u-active u-grey-30\" data-u-slide-to=\"0\"><\/li>\n        <li data-u-target=\"#carousel-5678\" class=\"u-grey-30\" data-u-slide-to=\"1\"><\/li>\n        <li data-u-target=\"#carousel-5678\" class=\"u-grey-30\" data-u-slide-to=\"2\"><\/li>\n      <\/ol>\n      <div class=\"u-carousel-inner\" role=\"listbox\">\n        <div class=\"u-active u-align-left u-black u-carousel-item u-clearfix u-section-2-1\">\n          <div class=\"u-clearfix u-sheet u-valign-middle u-sheet-1\">\n            <div class=\"data-layout-selected u-clearfix u-expanded-width u-layout-wrap u-layout-wrap-1\">\n              <div class=\"u-layout\">\n                <div class=\"u-layout-row\">\n                  <div class=\"u-container-style u-image u-layout-cell u-left-cell u-size-20 u-image-1\" data-image-width=\"768\" data-image-height=\"1024\" style=\"background-image: url(&quot;https:\/\/h\u00fchne-krapp.de\/wp-content\/uploads\/2024\/02\/HK_vorne_tag-1.jpg&quot;);\">\n                    <div class=\"u-container-layout u-container-layout-1\"><\/div>\n                  <\/div>\n                  <div class=\"u-container-style u-layout-cell u-right-cell u-size-40 u-layout-cell-2\">\n                    <div class=\"u-container-layout u-container-layout-2\">\n                      <h2 class=\"u-align-center u-text u-text-body-alt-color u-text-1\">Willkommen bei H\u00fchne &amp; Krapp<\/h2>\n                      <p class=\"u-align-center u-text u-text-body-alt-color u-text-2\">Ihre Rechtsanwaltkanzlei in J\u00fclich<br>\n                        <br>Rufen Sie uns an 02461 \/ 4135&nbsp;<br>oder E-Mail: info@huehne-krapp.de<br>\n                        <br>Im Notfall: 0171-6426738\n                      <\/p>\n                    <\/div>\n                  <\/div>\n                <\/div>\n              <\/div>\n            <\/div>\n          <\/div>\n        <\/div>\n        <div class=\"u-align-left u-black u-carousel-item u-clearfix u-section-2-2\">\n          <div class=\"u-clearfix u-sheet u-sheet-1\">\n            <div class=\"u-clearfix u-expanded-width u-layout-wrap u-layout-wrap-1\">\n              <div class=\"u-layout\">\n                <div class=\"u-layout-row\">\n                  <div class=\"u-container-style u-layout-cell u-right-cell u-size-40 u-layout-cell-1\">\n                    <div class=\"u-container-layout u-container-layout-1\">\n                      <h2 class=\"u-align-center u-text u-text-body-alt-color u-text-1\">Bj\u00f6rn H\u00fchne<\/h2>\n                      <p class=\"u-align-center u-text u-text-body-alt-color u-text-2\">Rechtsanwalt<br>zgl. Fachanwalt f\u00fcr Strafrecht\n                      <\/p>\n                      <a href=\"https:\/\/h\u00fchne-krapp.de\/?page_id=141\" class=\"u-btn u-button-style u-none u-text-hover-palette-2-base u-text-palette-1-base u-btn-1\">Mehr lesen&nbsp;<span class=\"u-icon\"><svg class=\"u-svg-content\" viewBox=\"0 -32 426.66667 426\" style=\"width: 1em; height: 1em;\"><path d=\"m213.332031 181.667969c0 4.265625-1.277343 8.53125-3.625 11.730469l-106.667969 160c-3.839843 5.761718-10.238281 9.601562-17.707031 9.601562h-64c-11.730469 0-21.332031-9.601562-21.332031-21.332031 0-4.269531 1.28125-8.535157 3.625-11.734375l98.773438-148.265625-98.773438-148.269531c-2.34375-3.199219-3.625-7.464844-3.625-11.730469 0-11.734375 9.601562-21.335938 21.332031-21.335938h64c7.46875 0 13.867188 3.839844 17.707031 9.601563l106.667969 160c2.347657 3.199218 3.625 7.464844 3.625 11.734375zm0 0\"><\/path><path d=\"m426.667969 181.667969c0 4.265625-1.28125 8.53125-3.628907 11.730469l-106.664062 160c-3.839844 5.761718-10.242188 9.601562-17.707031 9.601562h-64c-11.734375 0-21.335938-9.601562-21.335938-21.332031 0-4.269531 1.28125-8.535157 3.628907-11.734375l98.773437-148.265625-98.773437-148.269531c-2.347657-3.199219-3.628907-7.464844-3.628907-11.730469 0-11.734375 9.601563-21.335938 21.335938-21.335938h64c7.464843 0 13.867187 3.839844 17.707031 9.601563l106.664062 160c2.347657 3.199218 3.628907 7.464844 3.628907 11.734375zm0 0\"><\/path><\/svg><\/span>\n                      <\/a>\n                    <\/div>\n                  <\/div>\n                  <div class=\"u-container-style u-image u-layout-cell u-left-cell u-size-20 u-image-1\" data-image-width=\"1146\" data-image-height=\"2560\" style=\"background-image: url(&quot;https:\/\/h\u00fchne-krapp.de\/wp-content\/uploads\/2023\/03\/RAH-scaled-1-1.jpg&quot;);\">\n                    <div class=\"u-container-layout u-container-layout-2\"><\/div>\n                  <\/div>\n                <\/div>\n              <\/div>\n            <\/div>\n          <\/div>\n        <\/div>\n        <div class=\"u-align-left u-black u-carousel-item u-clearfix u-section-2-3\">\n          <div class=\"u-clearfix u-sheet u-valign-middle u-sheet-1\">\n            <div class=\"u-clearfix u-expanded-width u-layout-wrap u-layout-wrap-1\">\n              <div class=\"u-layout\">\n                <div class=\"u-layout-row\">\n                  <div class=\"u-container-style u-image u-layout-cell u-left-cell u-size-20 u-image-1\" data-image-width=\"1895\" data-image-height=\"2560\" style=\"background-image: url(&quot;https:\/\/h\u00fchne-krapp.de\/wp-content\/uploads\/2023\/03\/RAK2-scaled-1-1516x2048-1.jpg&quot;);\">\n                    <div class=\"u-container-layout u-container-layout-1\"><\/div>\n                  <\/div>\n                  <div class=\"u-container-style u-layout-cell u-right-cell u-size-40 u-layout-cell-2\">\n                    <div class=\"u-container-layout u-container-layout-2\">\n                      <h2 class=\"u-align-center u-text u-text-body-alt-color u-text-1\">Georg Krapp<\/h2>\n                      <p class=\"u-align-center u-text u-text-body-alt-color u-text-2\">Rechtsanwalt<br>\n                      <\/p>\n                      <a href=\"https:\/\/h\u00fchne-krapp.de\/?page_id=141\" class=\"u-btn u-button-style u-none u-text-hover-palette-2-base u-text-palette-1-base u-btn-1\">Mehr lesen&nbsp;<span class=\"u-icon\"><svg class=\"u-svg-content\" viewBox=\"0 -32 426.66667 426\" style=\"width: 1em; height: 1em;\"><path d=\"m213.332031 181.667969c0 4.265625-1.277343 8.53125-3.625 11.730469l-106.667969 160c-3.839843 5.761718-10.238281 9.601562-17.707031 9.601562h-64c-11.730469 0-21.332031-9.601562-21.332031-21.332031 0-4.269531 1.28125-8.535157 3.625-11.734375l98.773438-148.265625-98.773438-148.269531c-2.34375-3.199219-3.625-7.464844-3.625-11.730469 0-11.734375 9.601562-21.335938 21.332031-21.335938h64c7.46875 0 13.867188 3.839844 17.707031 9.601563l106.667969 160c2.347657 3.199218 3.625 7.464844 3.625 11.734375zm0 0\"><\/path><path d=\"m426.667969 181.667969c0 4.265625-1.28125 8.53125-3.628907 11.730469l-106.664062 160c-3.839844 5.761718-10.242188 9.601562-17.707031 9.601562h-64c-11.734375 0-21.335938-9.601562-21.335938-21.332031 0-4.269531 1.28125-8.535157 3.628907-11.734375l98.773437-148.265625-98.773437-148.269531c-2.347657-3.199219-3.628907-7.464844-3.628907-11.730469 0-11.734375 9.601563-21.335938 21.335938-21.335938h64c7.464843 0 13.867187 3.839844 17.707031 9.601563l106.664062 160c2.347657 3.199218 3.628907 7.464844 3.628907 11.734375zm0 0\"><\/path><\/svg><\/span>\n                      <\/a>\n                    <\/div>\n                  <\/div>\n                <\/div>\n              <\/div>\n            <\/div>\n          <\/div>\n        <\/div>\n      <\/div>\n      <a class=\"u-absolute-vcenter u-carousel-control u-carousel-control-prev u-text-body-alt-color u-block-7dda-3\" href=\"#carousel-5678\" role=\"button\" data-u-slide=\"prev\">\n        <span aria-hidden=\"true\">\n          <svg viewBox=\"0 0 256 256\"><g><polygon points=\"207.093,30.187 176.907,0 48.907,128 176.907,256 207.093,225.813 109.28,128\"><\/polygon>\n<\/g><\/svg>\n        <\/span>\n        <span class=\"sr-only\">\n          <svg viewBox=\"0 0 256 256\"><g><polygon points=\"207.093,30.187 176.907,0 48.907,128 176.907,256 207.093,225.813 109.28,128\"><\/polygon>\n<\/g><\/svg>\n        <\/span>\n      <\/a>\n      <a class=\"u-absolute-vcenter u-carousel-control u-carousel-control-next u-text-body-alt-color u-block-7dda-4\" href=\"#carousel-5678\" role=\"button\" data-u-slide=\"next\">\n        <span aria-hidden=\"true\">\n          <svg viewBox=\"0 0 306 306\"><g id=\"chevron-right\"><polygon points=\"94.35,0 58.65,35.7 175.95,153 58.65,270.3 94.35,306 247.35,153\"><\/polygon>\n<\/g><\/svg>\n        <\/span>\n        <span class=\"sr-only\">\n          <svg viewBox=\"0 0 306 306\"><g id=\"chevron-right\"><polygon points=\"94.35,0 58.65,35.7 175.95,153 58.65,270.3 94.35,306 247.35,153\"><\/polygon>\n<\/g><\/svg>\n        <\/span>\n      <\/a>\n    <\/section>\n    <section class=\"u-align-center u-clearfix u-container-align-center u-section-3\" id=\"sec-a73b\">\n      <div class=\"u-clearfix u-sheet u-valign-middle u-sheet-1\">\n        <h1 class=\"u-text u-text-default u-text-1\"> Ma\u00dfgeschneiderte\njuristische Beratung<\/h1>\n        <p class=\"u-text u-text-2\"> &nbsp;\nUnsere Mandanten d\u00fcrfen neben der Rechtsberatung in pers\u00f6nlicher\nAtmosph\u00e4re als Basis einer vertrauensvollen Zusammenarbeit auch kaufm\u00e4nnisches\nDenken und Verst\u00e4ndnis f\u00fcr wirtschaftliche Zusammenh\u00e4nge erwarten.\nKostenintensive und marktschreierische Werbeauftritte werden von\nuns ebenso vermieden wie Verlautbarungen unserer medienwirksamen Mandate in der\nPresse. Die beste Werbung ist f\u00fcr uns eine ebenso qualifizierte wie diskrete\nMandatsbearbeitung. Die von uns vertretenen Unternehmen und Privatleute\nerwarten ein hohes Ma\u00df an Diskretion und \u00f6ffentlicher Zur\u00fcckhaltung.<\/p>\n      <\/div>\n    <\/section>\n    <section class=\"u-black u-clearfix u-section-4\" id=\"carousel_81bc\">\n      <div class=\"u-clearfix u-sheet u-sheet-1\">\n        <div class=\"data-layout-selected u-clearfix u-expanded-width u-layout-wrap u-layout-wrap-1\">\n          <div class=\"u-layout\">\n            <div class=\"u-layout-row\">\n              <div class=\"u-container-style u-layout-cell u-left-cell u-size-30 u-layout-cell-1\">\n                <div class=\"u-container-layout u-container-layout-1\">\n                  <h3 class=\"u-text u-text-body-alt-color u-text-1\">Kontakt<\/h3>\n                  <p class=\"u-custom-font u-heading-font u-text u-text-body-alt-color u-text-2\">\u00d6ffnungzeiten:<br>Montag:&nbsp; &nbsp; &nbsp; &nbsp; &nbsp; &nbsp;<br>08:30 - 12:00 &amp; 14:00 - 17:00<br>Dienstag:&nbsp; &nbsp; &nbsp; &nbsp; &nbsp;<br>08:30 - 12:00 &amp; 14:00 - 17:00<br>Mittwoch:&nbsp; &nbsp; &nbsp; &nbsp;&nbsp;<br>08:30 - 12:00<br>Donnerstag:&nbsp; &nbsp; &nbsp;<br>08:30 - 12:00 &amp; 14:00 - 17:00<br>Freitag:<br>08:30 - 12:00 &amp; 14:00 - 16:00<br>\n                  <\/p>\n                  <p class=\"u-text u-text-3\"> &nbsp;Telefon:<br> &nbsp;<span class=\"u-icon u-icon-1\"><svg class=\"u-svg-content\" viewBox=\"0 0 513.64 513.64\" x=\"0px\" y=\"0px\" style=\"width: 1em; height: 1em;\"><g><g><path d=\"M499.66,376.96l-71.68-71.68c-25.6-25.6-69.12-15.359-79.36,17.92c-7.68,23.041-33.28,35.841-56.32,30.72    c-51.2-12.8-120.32-79.36-133.12-133.12c-7.68-23.041,7.68-48.641,30.72-56.32c33.28-10.24,43.52-53.76,17.92-79.36l-71.68-71.68    c-20.48-17.92-51.2-17.92-69.12,0l-48.64,48.64c-48.64,51.2,5.12,186.88,125.44,307.2c120.32,120.32,256,176.641,307.2,125.44    l48.64-48.64C517.581,425.6,517.581,394.88,499.66,376.96z\"><\/path>\n<\/g>\n<\/g><\/svg><\/span>&nbsp;&nbsp; 02461 - 4135<br>&nbsp; <span class=\"u-icon u-icon-2\"><svg class=\"u-svg-content\" viewBox=\"0 0 513.64 513.64\" x=\"0px\" y=\"0px\" style=\"width: 1em; height: 1em;\"><g><g><path d=\"M499.66,376.96l-71.68-71.68c-25.6-25.6-69.12-15.359-79.36,17.92c-7.68,23.041-33.28,35.841-56.32,30.72    c-51.2-12.8-120.32-79.36-133.12-133.12c-7.68-23.041,7.68-48.641,30.72-56.32c33.28-10.24,43.52-53.76,17.92-79.36l-71.68-71.68    c-20.48-17.92-51.2-17.92-69.12,0l-48.64,48.64c-48.64,51.2,5.12,186.88,125.44,307.2c120.32,120.32,256,176.641,307.2,125.44    l48.64-48.64C517.581,425.6,517.581,394.88,499.66,376.96z\"><\/path>\n<\/g>\n<\/g><\/svg><\/span>&nbsp; &nbsp;02461 - 34 06 46<br>\n                    <br>Fax:<br><span class=\"u-icon u-icon-3\"><svg class=\"u-svg-content\" viewBox=\"0 0 480 480\" x=\"0px\" y=\"0px\" style=\"width: 1em; height: 1em;\"><g><g><path d=\"M264,240c-13.255,0-24,10.745-24,24s10.745,24,24,24s24-10.745,24-24S277.255,240,264,240z M264,272c-4.418,0-8-3.582-8-8    s3.582-8,8-8s8,3.582,8,8S268.418,272,264,272z\"><\/path>\n<\/g>\n<\/g><g><g><path d=\"M328,240c-13.255,0-24,10.745-24,24s10.745,24,24,24s24-10.745,24-24S341.255,240,328,240z M328,272c-4.418,0-8-3.582-8-8    s3.582-8,8-8s8,3.582,8,8S332.418,272,328,272z\"><\/path>\n<\/g>\n<\/g><g><g><path d=\"M392,240c-13.255,0-24,10.745-24,24s10.745,24,24,24s24-10.745,24-24S405.255,240,392,240z M392,272c-4.418,0-8-3.582-8-8    s3.582-8,8-8s8,3.582,8,8S396.418,272,392,272z\"><\/path>\n<\/g>\n<\/g><g><g><path d=\"M264,304c-13.255,0-24,10.745-24,24s10.745,24,24,24s24-10.745,24-24S277.255,304,264,304z M264,336c-4.418,0-8-3.582-8-8    s3.582-8,8-8s8,3.582,8,8S268.418,336,264,336z\"><\/path>\n<\/g>\n<\/g><g><g><path d=\"M328,304c-13.255,0-24,10.745-24,24s10.745,24,24,24s24-10.745,24-24S341.255,304,328,304z M328,336c-4.418,0-8-3.582-8-8    s3.582-8,8-8s8,3.582,8,8S332.418,336,328,336z\"><\/path>\n<\/g>\n<\/g><g><g><path d=\"M392,304c-13.255,0-24,10.745-24,24s10.745,24,24,24s24-10.745,24-24S405.255,304,392,304z M392,336c-4.418,0-8-3.582-8-8    s3.582-8,8-8s8,3.582,8,8S396.418,336,392,336z\"><\/path>\n<\/g>\n<\/g><g><g><path d=\"M264,368c-13.255,0-24,10.745-24,24s10.745,24,24,24s24-10.745,24-24S277.255,368,264,368z M264,400c-4.418,0-8-3.582-8-8    s3.582-8,8-8s8,3.582,8,8S268.418,400,264,400z\"><\/path>\n<\/g>\n<\/g><g><g><path d=\"M328,368c-13.255,0-24,10.745-24,24s10.745,24,24,24s24-10.745,24-24S341.255,368,328,368z M328,400c-4.418,0-8-3.582-8-8    s3.582-8,8-8s8,3.582,8,8S332.418,400,328,400z\"><\/path>\n<\/g>\n<\/g><g><g><path d=\"M392,368c-13.255,0-24,10.745-24,24s10.745,24,24,24s24-10.745,24-24S405.255,368,392,368z M392,400c-4.418,0-8-3.582-8-8    s3.582-8,8-8s8,3.582,8,8S396.418,400,392,400z\"><\/path>\n<\/g>\n<\/g><g><g><path d=\"M456,128h-32V36.872L387.2,0H232v128h-58.4c-7.092-23.694-28.868-39.945-53.6-40h-16c-24.732,0.055-46.508,16.306-53.6,40    H24c-13.255,0-24,10.745-24,24v272c0,13.255,10.745,24,24,24h29.48c9.258,19.518,28.917,31.97,50.52,32h16    c21.603-0.03,41.262-12.482,50.52-32H456c13.255,0,24-10.745,24-24V152C480,138.745,469.255,128,456,128z M24,432    c-4.418,0-8-3.582-8-8V152c0-4.418,3.582-8,8-8h24v280c0.022,2.678,0.236,5.352,0.64,8H24z M160,424    c-0.026,22.08-17.92,39.974-40,40h-16c-22.08-0.026-39.974-17.92-40-40V144c0.026-22.08,17.92-39.974,40-40h16    c22.08,0.026,39.974,17.92,40,40V424z M248,16h132.584L408,43.488V128H248V16z M464,424c0,4.418-3.582,8-8,8H175.36    c0.404-2.648,0.618-5.322,0.64-8V144h280c4.418,0,8,3.582,8,8V424z\"><\/path>\n<\/g>\n<\/g><g><g><path d=\"M232,160v64h192v-64H232z M408,208H248v-32h160V208z\"><\/path>\n<\/g>\n<\/g><g><g><rect x=\"264\" y=\"32\" width=\"112\" height=\"16\"><\/rect>\n<\/g>\n<\/g><g><g><rect x=\"264\" y=\"64\" width=\"112\" height=\"16\"><\/rect>\n<\/g>\n<\/g><g><g><rect x=\"264\" y=\"96\" width=\"112\" height=\"16\"><\/rect>\n<\/g>\n<\/g><\/svg><\/span>&nbsp;&nbsp; 02461 - 28 82<br>\n                    <br>Notruf 24 Std.:<br><span class=\"u-icon u-icon-4\"><svg class=\"u-svg-content\" viewBox=\"0 0 60 60\" x=\"0px\" y=\"0px\" style=\"width: 1em; height: 1em;\"><g><path d=\"M42.595,0H17.405C14.977,0,13,1.977,13,4.405v51.189C13,58.023,14.977,60,17.405,60h25.189C45.023,60,47,58.023,47,55.595\n\t\tV4.405C47,1.977,45.023,0,42.595,0z M15,8h30v38H15V8z M17.405,2h25.189C43.921,2,45,3.079,45,4.405V6H15V4.405\n\t\tC15,3.079,16.079,2,17.405,2z M42.595,58H17.405C16.079,58,15,56.921,15,55.595V48h30v7.595C45,56.921,43.921,58,42.595,58z\"><\/path><path d=\"M30,49c-2.206,0-4,1.794-4,4s1.794,4,4,4s4-1.794,4-4S32.206,49,30,49z M30,55c-1.103,0-2-0.897-2-2s0.897-2,2-2\n\t\ts2,0.897,2,2S31.103,55,30,55z\"><\/path><path d=\"M26,5h4c0.553,0,1-0.447,1-1s-0.447-1-1-1h-4c-0.553,0-1,0.447-1,1S25.447,5,26,5z\"><\/path><path d=\"M33,5h1c0.553,0,1-0.447,1-1s-0.447-1-1-1h-1c-0.553,0-1,0.447-1,1S32.447,5,33,5z\"><\/path><path d=\"M56.612,4.569c-0.391-0.391-1.023-0.391-1.414,0s-0.391,1.023,0,1.414c3.736,3.736,3.736,9.815,0,13.552\n\t\tc-0.391,0.391-0.391,1.023,0,1.414c0.195,0.195,0.451,0.293,0.707,0.293s0.512-0.098,0.707-0.293\n\t\tC61.128,16.434,61.128,9.085,56.612,4.569z\"><\/path><path d=\"M52.401,6.845c-0.391-0.391-1.023-0.391-1.414,0s-0.391,1.023,0,1.414c1.237,1.237,1.918,2.885,1.918,4.639\n\t\ts-0.681,3.401-1.918,4.638c-0.391,0.391-0.391,1.023,0,1.414c0.195,0.195,0.451,0.293,0.707,0.293s0.512-0.098,0.707-0.293\n\t\tc1.615-1.614,2.504-3.764,2.504-6.052S54.017,8.459,52.401,6.845z\"><\/path><path d=\"M4.802,5.983c0.391-0.391,0.391-1.023,0-1.414s-1.023-0.391-1.414,0c-4.516,4.516-4.516,11.864,0,16.38\n\t\tc0.195,0.195,0.451,0.293,0.707,0.293s0.512-0.098,0.707-0.293c0.391-0.391,0.391-1.023,0-1.414\n\t\tC1.065,15.799,1.065,9.72,4.802,5.983z\"><\/path><path d=\"M9.013,6.569c-0.391-0.391-1.023-0.391-1.414,0c-1.615,1.614-2.504,3.764-2.504,6.052s0.889,4.438,2.504,6.053\n\t\tc0.195,0.195,0.451,0.293,0.707,0.293s0.512-0.098,0.707-0.293c0.391-0.391,0.391-1.023,0-1.414\n\t\tc-1.237-1.237-1.918-2.885-1.918-4.639S7.775,9.22,9.013,7.983C9.403,7.593,9.403,6.96,9.013,6.569z\"><\/path>\n<\/g><\/svg><\/span>&nbsp;&nbsp;0171 - 64 26 738<br>\n                  <\/p>\n                <\/div>\n              <\/div>\n              <div class=\"u-container-style u-layout-cell u-right-cell u-size-30 u-layout-cell-2\">\n                <div class=\"u-container-layout u-valign-middle u-container-layout-2\">\n                  <div class=\"u-form u-form-1\">\n                            <script>\n            function onSuccess(event) {\n                if (typeof window.serviceRequest !== 'undefined') {\n                    window.serviceRequest(jQuery(this).find('form'));\n                }\n                var msgContainer = jQuery(event.currentTarget).find('.wpcf7-response-output');\n                msgContainer.removeClass('u-form-send-error').addClass('u-form-send-message u-form-send-success');\n                msgContainer.show();\n                var redirectAddress = jQuery(event.currentTarget).find('[redirect-address]').attr('redirect-address');\n                if (redirectAddress) {\n                    setTimeout(function () {\n                        location.replace(redirectAddress);\n                    }, 2000);\n                }\n            }\n            function onError(event) {\n                var msgContainer = jQuery(event.currentTarget).find('.wpcf7-response-output');\n                msgContainer.removeClass('u-form-send-success').addClass('u-form-send-message u-form-send-error');\n                msgContainer.show();\n            }\n\n            jQuery('body')\n                .on('wpcf7mailsent',   '.u-form .wpcf7', onSuccess)\n                .on('wpcf7invalid',    '.u-form .wpcf7', onError)\n                .on('wpcf7:unaccepted', '.u-form .wpcf7', onError)\n                .on('wpcf7spam',       '.u-form .wpcf7', onError)\n                .on('wpcf7:aborted',    '.u-form .wpcf7', onError)\n                .on('wpcf7mailfailed', '.u-form .wpcf7', onError);\n        <\/script>\n        <style>\n            .u-form .wpcf7-response-output {\n                \/*position: relative !important;*\/\n                margin: 0 !important;\n                bottom: -70px!important;\n            }\n            .u-form .wpcf7 .ajax-loader {\n                margin-left: -24px;\n                margin-right: 0;\n            }\n        <\/style>\n\n<div class=\"wpcf7 no-js\" id=\"wpcf7-f476-o1\" lang=\"de-DE\" dir=\"ltr\" data-wpcf7-id=\"476\">\n<div class=\"screen-reader-response\"><p role=\"status\" aria-live=\"polite\" aria-atomic=\"true\"><\/p> <ul><\/ul><\/div>\n<form style=\"padding: 10px\" action=\"\/index.php?rest_route=%2Fwp%2Fv2%2Fpages%2F474#wpcf7-f476-o1\" method=\"post\" class=\"wpcf7-form init u-clearfix u-form-spacing-30 u-form-vertical u-inner-form u-form-custom-backend\" aria-label=\"Kontaktformular\" novalidate=\"novalidate\" data-status=\"init\">\n<fieldset class=\"hidden-fields-container\"><input type=\"hidden\" name=\"_wpcf7\" value=\"476\" \/><input type=\"hidden\" name=\"_wpcf7_version\" value=\"6.1.5\" \/><input type=\"hidden\" name=\"_wpcf7_locale\" value=\"de_DE\" \/><input type=\"hidden\" name=\"_wpcf7_unit_tag\" value=\"wpcf7-f476-o1\" \/><input type=\"hidden\" name=\"_wpcf7_container_post\" value=\"0\" \/><input type=\"hidden\" name=\"_wpcf7_posted_data_hash\" value=\"\" \/><input type=\"hidden\" name=\"_wpcf7_recaptcha_response\" value=\"\" \/>\n<\/fieldset>\n\n                      <div class=\"u-form-email u-form-group wpcf7-form-control-wrap u-form-partition-factor-2\">\n                        <label for=\"email-319a\" class=\"u-label u-text-body-alt-color u-label-1\">Email<\/label>\n                        <input type=\"email\" placeholder=\"Ihre E-Mailadresse\" id=\"email-319a\" name=\"email\" class=\"u-border-2 u-border-no-left u-border-no-right u-border-no-top u-border-white u-input wpcf7-form-control u-input-rectangle\" required=\"\" control-id=\"ControlID-6\">\n                      <\/div>\n                      <div class=\"u-form-group wpcf7-form-control-wrap u-form-name u-form-partition-factor-2\">\n                        <label for=\"name-319a\" class=\"u-label u-text-body-alt-color u-label-2\">Name<\/label>\n                        <input type=\"text\" placeholder=\"Ihr Name\" id=\"name-319a\" name=\"name1\" class=\"u-border-2 u-border-no-left u-border-no-right u-border-no-top u-border-white u-input wpcf7-form-control u-input-rectangle\" required=\"\" control-id=\"ControlID-7\">\n                      <\/div>\n                      <div class=\"u-form-address u-form-group wpcf7-form-control-wrap u-form-group wpcf7-form-control-wrap-3\">\n                        <label for=\"address-452f\" class=\"u-label u-text-body-alt-color u-label-3\">Addresse<\/label>\n                        <input type=\"text\" placeholder=\"Ihre Anschrift\" id=\"address-452f\" name=\"address\" class=\"u-border-2 u-border-no-left u-border-no-right u-border-no-top u-border-white u-input wpcf7-form-control u-input-rectangle\" required=\"\" control-id=\"ControlID-8\">\n                      <\/div>\n                      <div class=\"u-form-group wpcf7-form-control-wrap u-form-message\">\n                        <label for=\"message-319a\" class=\"u-label u-text-body-alt-color u-label-4\">Nachricht<\/label>\n                        <textarea placeholder=\"Ihre Nachricht an uns\" rows=\"4\" cols=\"50\" id=\"message-319a\" name=\"message\" class=\"u-border-2 u-border-no-left u-border-no-right u-border-no-top u-border-white u-input wpcf7-form-control u-input-rectangle\" required=\"\" control-id=\"ControlID-9\"><\/textarea>\n                      <\/div>\n                      <div class=\"u-align-left u-form-group wpcf7-form-control-wrap u-form-submit wpcf7-form-control\">\n                        <a href=\"#\" class=\"u-btn u-btn-submit wpcf7-submit u-button-style u-white u-btn-1\">Absenden<\/a>\n                        <input type=\"submit\" value=\"submit\" class=\"u-form-control-hidden\" control-id=\"ControlID-10\">\n                      <\/div>\n                      <div class=\"u-form-send-message u-form-send-success\"> Thank you! Your message has been sent. <\/div>\n                      <div class=\"u-form-send-error u-form-send-message\"> Unable to send your message. Please fix errors then try again. <\/div>\n                      <input type=\"hidden\" value=\"\" name=\"recaptchaResponse\">\n                    <input type=\"hidden\" name=\"_contact7_backend\" value=\"1\"><div class=\"wpcf7-response-output\" aria-hidden=\"true\"><\/div>\n<\/form>\n<\/div>\n\n                  <\/div>\n                <\/div>\n              <\/div>\n            <\/div>\n          <\/div>\n        <\/div>\n      <\/div>\n    <\/section>\n    \n    \n    \n    \n  \n","protected":false},"excerpt":{"rendered":"<p>Willkommen bei H\u00fchne &amp; Krapp Ihre Rechtsanwaltkanzlei in J\u00fclich Rufen Sie uns an 02461 \/ 4135&nbsp;oder E-Mail: info@huehne-krapp.de Im Notfall: 0171-6426738 Bj\u00f6rn H\u00fchne Rechtsanwaltzgl. Fachanwalt f\u00fcr Strafrecht Mehr lesen&nbsp; Georg Krapp Rechtsanwalt Mehr lesen&nbsp; Ma\u00dfgeschneiderte juristische Beratung &nbsp; Unsere Mandanten d\u00fcrfen neben der Rechtsberatung in pers\u00f6nlicher Atmosph\u00e4re als Basis einer vertrauensvollen Zusammenarbeit auch kaufm\u00e4nnisches Denken &hellip; <a href=\"https:\/\/h\u00fchne-krapp.de\/\" class=\"more-link\">Continue reading<span class=\"screen-reader-text\"> &#8222;Willkommen bei H\u00fchne und Krapp&#8220;<\/span><\/a><\/p>\n","protected":false},"author":1,"featured_media":0,"parent":0,"menu_order":0,"comment_status":"closed","ping_status":"closed","template":"","meta":{"footnotes":""},"class_list":["post-474","page","type-page","status-publish","hentry"],"_links":{"self":[{"href":"https:\/\/h\u00fchne-krapp.de\/index.php?rest_route=\/wp\/v2\/pages\/474","targetHints":{"allow":["GET"]}}],"collection":[{"href":"https:\/\/h\u00fchne-krapp.de\/index.php?rest_route=\/wp\/v2\/pages"}],"about":[{"href":"https:\/\/h\u00fchne-krapp.de\/index.php?rest_route=\/wp\/v2\/types\/page"}],"author":[{"embeddable":true,"href":"https:\/\/h\u00fchne-krapp.de\/index.php?rest_route=\/wp\/v2\/users\/1"}],"replies":[{"embeddable":true,"href":"https:\/\/h\u00fchne-krapp.de\/index.php?rest_route=%2Fwp%2Fv2%2Fcomments&post=474"}],"version-history":[{"count":3,"href":"https:\/\/h\u00fchne-krapp.de\/index.php?rest_route=\/wp\/v2\/pages\/474\/revisions"}],"predecessor-version":[{"id":496,"href":"https:\/\/h\u00fchne-krapp.de\/index.php?rest_route=\/wp\/v2\/pages\/474\/revisions\/496"}],"wp:attachment":[{"href":"https:\/\/h\u00fchne-krapp.de\/index.php?rest_route=%2Fwp%2Fv2%2Fmedia&parent=474"}],"curies":[{"name":"wp","href":"https:\/\/api.w.org\/{rel}","templated":true}]}}